{"id":55014,"date":"2025-08-01T13:21:00","date_gmt":"2025-08-01T17:21:00","guid":{"rendered":"https:\/\/www.radiosanctispiritus.cu\/es\/?page_id=55014"},"modified":"2025-10-14T13:51:14","modified_gmt":"2025-10-14T17:51:14","slug":"pliego-de-licitacion","status":"publish","type":"page","link":"https:\/\/www.radiosanctispiritus.cu\/es\/pliego-de-licitacion\/","title":{"rendered":"Licitaciones"},"content":{"rendered":"<p>Pliego de condiciones que ha de tenerse en cuenta para la contrataci\u00f3n del arrendamiento de locales propiedad del Estado ubicados en el inmueble perteneciente a la UPRTEE Radio Sancti Sp\u00edritus, Circunvalaci\u00f3n, Olivos I, con destino a actividades econ\u00f3micas por parte de actores econ\u00f3micos estatales y no estatales.<\/p>\n<p><del><a href=\"https:\/\/www.radiosanctispiritus.cu\/es\/wp-content\/uploads\/Pliego-de-Licitacion-Inmueble-Radio-SSP.doc\">Descargar documento: Pliego de Licitacion Inmueble Radio Radio Sancti Sp\u00edritus<\/a><\/del> &#8211; <strong>Vencida<\/strong><\/p>\n","protected":false},"excerpt":{"rendered":"<p>Pliego de condiciones que ha de tenerse en cuenta para la contrataci\u00f3n del arrendamiento de locales propiedad del Estado ubicados en el inmueble perteneciente a la UPRTEE Radio Sancti Sp\u00edritus, Circunvalaci\u00f3n, Olivos I, con destino a actividades econ\u00f3micas por parte de actores econ\u00f3micos estatales y no estatales. Descargar documento: Pliego de Licitacion Inmueble Radio Radio [&hellip;]<\/p>\n","protected":false},"author":4,"featured_media":0,"parent":0,"menu_order":0,"comment_status":"closed","ping_status":"closed","template":"","meta":{"_acf_changed":false,"footnotes":""},"coauthors":[1883],"class_list":["post-55014","page","type-page","status-publish","hentry"],"acf":[],"_links":{"self":[{"href":"https:\/\/www.radiosanctispiritus.cu\/es\/wp-json\/wp\/v2\/pages\/55014","targetHints":{"allow":["GET"]}}],"collection":[{"href":"https:\/\/www.radiosanctispiritus.cu\/es\/wp-json\/wp\/v2\/pages"}],"about":[{"href":"https:\/\/www.radiosanctispiritus.cu\/es\/wp-json\/wp\/v2\/types\/page"}],"author":[{"embeddable":true,"href":"https:\/\/www.radiosanctispiritus.cu\/es\/wp-json\/wp\/v2\/users\/4"}],"replies":[{"embeddable":true,"href":"https:\/\/www.radiosanctispiritus.cu\/es\/wp-json\/wp\/v2\/comments?post=55014"}],"version-history":[{"count":3,"href":"https:\/\/www.radiosanctispiritus.cu\/es\/wp-json\/wp\/v2\/pages\/55014\/revisions"}],"predecessor-version":[{"id":55677,"href":"https:\/\/www.radiosanctispiritus.cu\/es\/wp-json\/wp\/v2\/pages\/55014\/revisions\/55677"}],"wp:attachment":[{"href":"https:\/\/www.radiosanctispiritus.cu\/es\/wp-json\/wp\/v2\/media?parent=55014"}],"wp:term":[{"taxonomy":"author","embeddable":true,"href":"https:\/\/www.radiosanctispiritus.cu\/es\/wp-json\/wp\/v2\/coauthors?post=55014"}],"curies":[{"name":"wp","href":"https:\/\/api.w.org\/{rel}","templated":true}]}}