{"id":55,"date":"2022-06-05T18:41:32","date_gmt":"2022-06-05T22:41:32","guid":{"rendered":"https:\/\/www.radiosanctispiritus.icrt.cu\/es\/?page_id=55"},"modified":"2022-06-05T18:41:32","modified_gmt":"2022-06-05T22:41:32","slug":"la-radio-en-sancti-spiritus","status":"publish","type":"page","link":"https:\/\/www.radiosanctispiritus.cu\/es\/la-radio-en-sancti-spiritus\/","title":{"rendered":"La radio en Sancti Sp\u00edritus"},"content":{"rendered":"<h2>Historia de la radio en Sancti Sp\u00edritus<\/h2>\n<p>En Sancti Sp\u00edritus se escucharon las primeras transmisiones radiales el 9 de marzo de 1923, efectuadas por el ingeniero electricista, norteamericano, Frank A. John, quien fung\u00eda como administrador del Central \u201cTuinuc\u00fa\u201d, hoy \u201cMelanio Hern\u00e1ndez\u201d del municipio de Taguasco. Esta planta, la 6KW denominada el CUCU, estuvo instalada en el Club de los americanos hasta 1925, en que se retir\u00f3 del aire por falta de sustento monetario, pero sirvi\u00f3 de inspiraci\u00f3n ya que a finales de 1927 exist\u00edan en Sancti Sp\u00edritus otras emisoras de fabricaci\u00f3n casera, que, en sentido general, ofrec\u00edan una programaci\u00f3n muy poco organizada.\u00a0 Usaban sus micr\u00f3fonos el propietario, sus familiares y amigos aficionados a distintas manifestaciones del arte, que alternaban con la llamada \u201cm\u00fasica mec\u00e1nica\u201d, el empleo de fon\u00f3grafos y grabaciones en placas.<\/p>\n<p>El 12 de noviembre de 1933 surgi\u00f3 la primera radioemisora comercial experimental en Sancti Sp\u00edritus con las siglas CMHB, que fue conocida popularmente como La voz del Yayabo.<\/p>\n<p>La programaci\u00f3n de la CMHB la conformaban elementos art\u00edsticos locales, grabaci\u00f3n de discos, la retransmisi\u00f3n por contrato de programas nacionales y la visita de figuras del arte.<\/p>\n<p>Manuel de Jes\u00fas B\u00e9cquer Medina y Fernando Soto de Valle Guinart (Manolo y Kiki), tuvieron la idea de fomentar en Trinidad una emisora. As\u00ed lograron inaugurar la CMHT, el 11 de junio de 1938, con la transmisi\u00f3n de la visita del Obispo de Cienfuegos y otras personalidades, en ocasi\u00f3n de los festejos de la Semana Santa y al develarse una tarja que regal\u00f3 la ciudad de Santa Clara a Trinidad. Sali\u00f3 en onda larga por la frecuencia de 990 kc.<\/p>\n<p>Esta CMHT fue v\u00edctima de la situaci\u00f3n econ\u00f3mica deplorable imperante en la Rep\u00fablica Mediatizada y cerr\u00f3 sus operaciones en 1941, cuando dej\u00f3 de transmitir. All\u00ed se qued\u00f3 abandonada durante varios a\u00f1os.<\/p>\n<p>El 11 de julio de 1945 con el nombre y lema\u201d Radio Nacional, un exponente de la publicidad moderna comienza a transmitir oficialmente y poco a poco empez\u00f3 a ganar audiencia para sus programas y logr\u00f3 conquistar la preferencia de los oyentes.<\/p>\n<p>En la etapa de la victoria revolucionaria, el 1 de enero de 1959, la CMHT, tambi\u00e9n llamada Radio Nacional, fue miembro del Frente Independiente de Emisoras Libre.<\/p>\n<p>La CMHT continu\u00f3 trabajando en manos de sus propietarios hasta el 30 de junio de 1960, cuando se realiz\u00f3 la compra por el Ministerio de Comunicaciones del Gobierno Revolucionario, mediante la tasaci\u00f3n de equipos y dem\u00e1s enseres. En 1960, Radio Nacional pas\u00f3 a transmitir desde el nuevo edificio de Cervantes, n\u00famero 1, altos, esquina Independencia en la ciudad espirituana.<\/p>\n<p>Adelantada la etapa revolucionaria y creado en 1962 el organismo que dirig\u00eda la radiodifusi\u00f3n en el pa\u00eds, el ICRT, se le cambi\u00f3 a la CMHT el nombre p\u00fablico de Radio Nacional por el de Radio Sancti Sp\u00edritus.<\/p>\n<p>En junio de 1999, Radio Sancti Sp\u00edritus cambia su denominaci\u00f3n de CMHT por la de CMGL.<\/p>\n","protected":false},"excerpt":{"rendered":"<p>Historia de la radio en Sancti Sp\u00edritus En Sancti Sp\u00edritus se escucharon las primeras transmisiones radiales el 9 de marzo de 1923, efectuadas por el ingeniero electricista, norteamericano, Frank A. John, quien fung\u00eda como administrador del Central \u201cTuinuc\u00fa\u201d, hoy \u201cMelanio Hern\u00e1ndez\u201d del municipio de Taguasco. Esta planta, la 6KW denominada el CUCU, estuvo instalada en [&hellip;]<\/p>\n","protected":false},"author":4,"featured_media":0,"parent":0,"menu_order":0,"comment_status":"closed","ping_status":"open","template":"","meta":{"_acf_changed":false,"footnotes":""},"coauthors":[],"class_list":["post-55","page","type-page","status-publish","hentry"],"acf":[],"_links":{"self":[{"href":"https:\/\/www.radiosanctispiritus.cu\/es\/wp-json\/wp\/v2\/pages\/55","targetHints":{"allow":["GET"]}}],"collection":[{"href":"https:\/\/www.radiosanctispiritus.cu\/es\/wp-json\/wp\/v2\/pages"}],"about":[{"href":"https:\/\/www.radiosanctispiritus.cu\/es\/wp-json\/wp\/v2\/types\/page"}],"author":[{"embeddable":true,"href":"https:\/\/www.radiosanctispiritus.cu\/es\/wp-json\/wp\/v2\/users\/4"}],"replies":[{"embeddable":true,"href":"https:\/\/www.radiosanctispiritus.cu\/es\/wp-json\/wp\/v2\/comments?post=55"}],"version-history":[{"count":0,"href":"https:\/\/www.radiosanctispiritus.cu\/es\/wp-json\/wp\/v2\/pages\/55\/revisions"}],"wp:attachment":[{"href":"https:\/\/www.radiosanctispiritus.cu\/es\/wp-json\/wp\/v2\/media?parent=55"}],"wp:term":[{"taxonomy":"author","embeddable":true,"href":"https:\/\/www.radiosanctispiritus.cu\/es\/wp-json\/wp\/v2\/coauthors?post=55"}],"curies":[{"name":"wp","href":"https:\/\/api.w.org\/{rel}","templated":true}]}}