{"id":31,"date":"2022-06-05T15:05:52","date_gmt":"2022-06-05T19:05:52","guid":{"rendered":"https:\/\/www.radiosanctispiritus.icrt.cu\/es\/?page_id=31"},"modified":"2025-11-24T09:34:36","modified_gmt":"2025-11-24T14:34:36","slug":"contacto","status":"publish","type":"page","link":"https:\/\/www.radiosanctispiritus.cu\/es\/contacto\/","title":{"rendered":"Estamos para escucharle"},"content":{"rendered":"<p>En <strong>Radio Sancti Sp\u00edritus<\/strong> valoramos cada mensaje de nuestra audiencia y de quienes desean colaborar con nuestro trabajo. Si quiere enviarnos una sugerencia, realizar una consulta o simplemente comunicarse con nuestro equipo, este es el espacio adecuado.<\/p>\n<p>Adem\u00e1s, si est\u00e1 interesado en <em>publicitar su negocio<\/em> en nuestra emisora o desea contratar nuestros <em><a title=\"Servicios multimediales\" href=\"https:\/\/www.radiosanctispiritus.cu\/es\/catalogo-servicios.pdf\" target=\"_blank\" rel=\"noopener\">servicios multimediales<\/a><\/em>, puede hacerlo a trav\u00e9s de este mismo formulario. Nuestro equipo le ofrecer\u00e1 toda la informaci\u00f3n que necesite y le acompa\u00f1ar\u00e1 en cada paso del proceso.<\/p>\n<p>Complete el formulario y le responderemos a la mayor brevedad posible.<\/p>\n\n<div class=\"wpcf7 no-js\" id=\"wpcf7-f9-o1\" lang=\"es-ES\" dir=\"ltr\" data-wpcf7-id=\"9\">\n<div class=\"screen-reader-response\"><p role=\"status\" aria-live=\"polite\" aria-atomic=\"true\"><\/p> <ul><\/ul><\/div>\n<form action=\"\/es\/wp-json\/wp\/v2\/pages\/31#wpcf7-f9-o1\" method=\"post\" class=\"wpcf7-form init\" aria-label=\"Formulario de contacto\" novalidate=\"novalidate\" data-status=\"init\">\n<fieldset class=\"hidden-fields-container\"><input type=\"hidden\" name=\"_wpcf7\" value=\"9\" \/><input type=\"hidden\" name=\"_wpcf7_version\" value=\"6.1.5\" \/><input type=\"hidden\" name=\"_wpcf7_locale\" value=\"es_ES\" \/><input type=\"hidden\" name=\"_wpcf7_unit_tag\" value=\"wpcf7-f9-o1\" \/><input type=\"hidden\" name=\"_wpcf7_container_post\" value=\"0\" \/><input type=\"hidden\" name=\"_wpcf7_posted_data_hash\" value=\"\" \/><input type=\"hidden\" name=\"_wpcf7_recaptcha_response\" value=\"\" \/>\n<\/fieldset>\n<p><span class=\"wpcf7-form-control-wrap\" data-name=\"your-name\"><input size=\"40\" maxlength=\"400\" class=\"wpcf7-form-control wpcf7-text wpcf7-validates-as-required\" aria-required=\"true\" aria-invalid=\"false\" placeholder=\"Escriba su nombre\" value=\"\" type=\"text\" name=\"your-name\" \/><\/span>\n<\/p>\n<p><span class=\"wpcf7-form-control-wrap\" data-name=\"your-email\"><input size=\"40\" maxlength=\"400\" class=\"wpcf7-form-control wpcf7-email wpcf7-validates-as-required wpcf7-text wpcf7-validates-as-email\" aria-required=\"true\" aria-invalid=\"false\" placeholder=\"Escriba su email\" value=\"\" type=\"email\" name=\"your-email\" \/><\/span>\n<\/p>\n<p><span class=\"wpcf7-form-control-wrap\" data-name=\"your-message\"><textarea cols=\"40\" rows=\"10\" maxlength=\"2000\" class=\"wpcf7-form-control wpcf7-textarea\" aria-invalid=\"false\" placeholder=\"Escriba su mensaje\" name=\"your-message\"><\/textarea><\/span>\n<\/p>\n<p><input class=\"wpcf7-form-control wpcf7-submit has-spinner\" type=\"submit\" value=\"Enviar\" \/>\n<\/p><p style=\"display: none !important;\" class=\"akismet-fields-container\" data-prefix=\"_wpcf7_ak_\"><label>&#916;<textarea name=\"_wpcf7_ak_hp_textarea\" cols=\"45\" rows=\"8\" maxlength=\"100\"><\/textarea><\/label><input type=\"hidden\" id=\"ak_js_1\" name=\"_wpcf7_ak_js\" value=\"114\"\/><script>document.getElementById( \"ak_js_1\" ).setAttribute( \"value\", ( new Date() ).getTime() );<\/script><\/p><div class=\"wpcf7-response-output\" aria-hidden=\"true\"><\/div>\n<\/form>\n<\/div>\n\n","protected":false},"excerpt":{"rendered":"<p>En Radio Sancti Sp\u00edritus valoramos cada mensaje de nuestra audiencia y de quienes desean colaborar con nuestro trabajo. Si quiere enviarnos una sugerencia, realizar una consulta o simplemente comunicarse con nuestro equipo, este es el espacio adecuado. Adem\u00e1s, si est\u00e1 interesado en publicitar su negocio en nuestra emisora o desea contratar nuestros servicios multimediales, puede [&hellip;]<\/p>\n","protected":false},"author":4,"featured_media":0,"parent":0,"menu_order":0,"comment_status":"closed","ping_status":"open","template":"","meta":{"_acf_changed":false,"footnotes":""},"coauthors":[1883],"class_list":["post-31","page","type-page","status-publish","hentry"],"acf":[],"_links":{"self":[{"href":"https:\/\/www.radiosanctispiritus.cu\/es\/wp-json\/wp\/v2\/pages\/31","targetHints":{"allow":["GET"]}}],"collection":[{"href":"https:\/\/www.radiosanctispiritus.cu\/es\/wp-json\/wp\/v2\/pages"}],"about":[{"href":"https:\/\/www.radiosanctispiritus.cu\/es\/wp-json\/wp\/v2\/types\/page"}],"author":[{"embeddable":true,"href":"https:\/\/www.radiosanctispiritus.cu\/es\/wp-json\/wp\/v2\/users\/4"}],"replies":[{"embeddable":true,"href":"https:\/\/www.radiosanctispiritus.cu\/es\/wp-json\/wp\/v2\/comments?post=31"}],"version-history":[{"count":2,"href":"https:\/\/www.radiosanctispiritus.cu\/es\/wp-json\/wp\/v2\/pages\/31\/revisions"}],"predecessor-version":[{"id":58372,"href":"https:\/\/www.radiosanctispiritus.cu\/es\/wp-json\/wp\/v2\/pages\/31\/revisions\/58372"}],"wp:attachment":[{"href":"https:\/\/www.radiosanctispiritus.cu\/es\/wp-json\/wp\/v2\/media?parent=31"}],"wp:term":[{"taxonomy":"author","embeddable":true,"href":"https:\/\/www.radiosanctispiritus.cu\/es\/wp-json\/wp\/v2\/coauthors?post=31"}],"curies":[{"name":"wp","href":"https:\/\/api.w.org\/{rel}","templated":true}]}}